{"id":988765,"date":"2025-04-14T16:47:07","date_gmt":"2025-04-14T16:47:07","guid":{"rendered":"https:\/\/teaduskunst.ee\/?page_id=988765"},"modified":"2026-02-06T13:28:19","modified_gmt":"2026-02-06T13:28:19","slug":"liitumine","status":"publish","type":"page","link":"https:\/\/teaduskunst.ee\/english\/liitumine\/","title":{"rendered":"JOINING"},"content":{"rendered":"\t\t<div data-elementor-type=\"wp-page\" data-elementor-id=\"988765\" class=\"elementor elementor-988765\" data-elementor-post-type=\"page\">\n\t\t\t\t<div class=\"elementor-element elementor-element-5cd3d2f e-flex e-con-boxed e-con e-parent\" data-id=\"5cd3d2f\" data-element_type=\"container\" data-e-type=\"container\">\n\t\t\t\t\t<div class=\"e-con-inner\">\n\t\t\t\t<div class=\"elementor-element elementor-element-3f477c3 elementor-widget elementor-widget-text-editor\" data-id=\"3f477c3\" data-element_type=\"widget\" data-e-type=\"widget\" data-widget_type=\"text-editor.default\">\n\t\t\t\t<div class=\"elementor-widget-container\">\n\t\t\t\t\t\t\t\t\t<h3 style=\"text-align: center;\">TeadusKunst huviringi liitumine 2025\/2026<br \/>\u00f5ppeaastal<\/h3><p>Meie huvitunnid toimuvad j\u00e4rgmistes haridusasutustes:<\/p><ul><li>Jaan Poska lasteaed (Tallinna kesklinnas)<\/li><li>Kalli-Kalli eralasteaed (Tallinna kesklinnas)<\/li><li>Lasteaed Naksitrallid (\u00d5ism\u00e4el)<\/li><li><p data-start=\"1065\" data-end=\"1175\"><span dir=\"auto\">ISE (International School of Estonia) Juhkentali 18, Tallinn (Thursdays 14:40-15:25)<\/span><\/p><\/li><li><p data-start=\"1065\" data-end=\"1175\"><span dir=\"auto\">Emili School, Keevise 2 (Mondays 15:15-16:00)<\/span><\/p><\/li><li><p data-start=\"1065\" data-end=\"1175\"><span dir=\"auto\">St. John&#8217;s School, Kivim\u00e4e 25 (Fridays 14:00-14:45)<\/span><\/p><\/li><\/ul><p>Tunnid toimuvad septembrist kuni mai l\u00f5puni. Huvitegevust ei toimu koolivaheaegadel ega riiklikel p\u00fchadel.<\/p><p><strong>Huviringi vanusegrupp:<\/strong> 4\u201310 aastat<br \/><strong>Huvitunni kestus:<\/strong>\u00a045 minutit<br \/><strong>Kuutasu:<\/strong>\u00a0fikseeritud kogu \u00f5ppeaasta v\u00e4ltel<br \/><strong>Makse:<\/strong>\u00a0Enne 10. kuup\u00e4eva jooksva kuu eest (TeadusKunst arveid ei v\u00e4ljasta)<\/p>\t\t\t\t\t\t\t\t<\/div>\n\t\t\t\t<\/div>\n\t\t\t\t<div class=\"elementor-element elementor-element-e51b60d elementor-widget elementor-widget-heading\" data-id=\"e51b60d\" data-element_type=\"widget\" data-e-type=\"widget\" data-widget_type=\"heading.default\">\n\t\t\t\t<div class=\"elementor-widget-container\">\n\t\t\t\t\t<h2 class=\"elementor-heading-title elementor-size-default\">Liitumisankeet<\/h2>\t\t\t\t<\/div>\n\t\t\t\t<\/div>\n\t\t\t\t<div class=\"elementor-element elementor-element-f1d73ba elementor-button-align-stretch elementor-widget elementor-widget-form\" data-id=\"f1d73ba\" data-element_type=\"widget\" data-e-type=\"widget\" data-settings=\"{&quot;step_next_label&quot;:&quot;J\\u00e4rgmine&quot;,&quot;step_previous_label&quot;:&quot;Eelmine&quot;,&quot;button_width&quot;:&quot;20&quot;,&quot;step_type&quot;:&quot;number_text&quot;,&quot;step_icon_shape&quot;:&quot;circle&quot;}\" data-widget_type=\"form.default\">\n\t\t\t\t<div class=\"elementor-widget-container\">\n\t\t\t\t\t\t\t<form class=\"elementor-form\" method=\"post\" name=\"Liitumisankeet\" aria-label=\"Liitumisankeet\">\n\t\t\t<input type=\"hidden\" name=\"post_id\" value=\"988765\"\/>\n\t\t\t<input type=\"hidden\" name=\"form_id\" value=\"f1d73ba\"\/>\n\t\t\t<input type=\"hidden\" name=\"referer_title\" value=\"LIITUMINE\" \/>\n\n\t\t\t\t\t\t\t<input type=\"hidden\" name=\"queried_id\" value=\"988765\"\/>\n\t\t\t\n\t\t\t<div class=\"elementor-form-fields-wrapper elementor-labels-above\">\n\t\t\t\t\t\t\t\t<div class=\"elementor-field-type-text elementor-field-group elementor-column elementor-field-group-name elementor-col-100 elementor-field-required elementor-mark-required\">\n\t\t\t\t\t\t\t\t\t\t\t\t<label for=\"form-field-name\" class=\"elementor-field-label\">\n\t\t\t\t\t\t\t\t\u00d5pilase ees- ja perekonnanimi:\t\t\t\t\t\t\t<\/label>\n\t\t\t\t\t\t\t\t\t\t\t\t\t\t<input size=\"1\" type=\"text\" name=\"form_fields[name]\" id=\"form-field-name\" class=\"elementor-field elementor-size-sm  elementor-field-textual\" placeholder=\"\u00d5pilase ees- ja perekonnanimi:\" required=\"required\">\n\t\t\t\t\t\t\t\t\t\t\t<\/div>\n\t\t\t\t\t\t\t\t<div class=\"elementor-field-type-text elementor-field-group elementor-column elementor-field-group-field_7fe55fe elementor-col-100\">\n\t\t\t\t\t\t\t\t\t\t\t\t<label for=\"form-field-field_7fe55fe\" class=\"elementor-field-label\">\n\t\t\t\t\t\t\t\t\u00d5pilase vanus:\t\t\t\t\t\t\t<\/label>\n\t\t\t\t\t\t\t\t\t\t\t\t\t\t<input size=\"1\" type=\"text\" name=\"form_fields[field_7fe55fe]\" id=\"form-field-field_7fe55fe\" class=\"elementor-field elementor-size-sm  elementor-field-textual\" placeholder=\"\u00d5pilase vanus:\">\n\t\t\t\t\t\t\t\t\t\t\t<\/div>\n\t\t\t\t\t\t\t\t<div class=\"elementor-field-type-select elementor-field-group elementor-column elementor-field-group-field_998c918 elementor-col-100 elementor-field-required elementor-mark-required\">\n\t\t\t\t\t\t\t\t\t\t\t\t<label for=\"form-field-field_998c918\" class=\"elementor-field-label\">\n\t\t\t\t\t\t\t\tHuvigrupi valik:\t\t\t\t\t\t\t<\/label>\n\t\t\t\t\t\t\t\t<div class=\"elementor-field elementor-select-wrapper remove-before \">\n\t\t\t<div class=\"select-caret-down-wrapper\">\n\t\t\t\t<i aria-hidden=\"true\" class=\"eicon-caret-down\"><\/i>\t\t\t<\/div>\n\t\t\t<select name=\"form_fields[field_998c918]\" id=\"form-field-field_998c918\" class=\"elementor-field-textual elementor-size-sm\" required=\"required\">\n\t\t\t\t\t\t\t\t\t<option value=\"\">Vali grupp....<\/option>\n\t\t\t\t\t\t\t\t\t<option value=\"\"> Lasteaed Kalli-Kalli (Tiiu tn 8, Tallinn): teisip\u00e4eviti, kell 16:15-17:00 <\/option>\n\t\t\t\t\t\t\t\t\t<option value=\"\"> Lasteaed Naksitrallid (J\u00e4rveotsa tee 33, Tallinn): kolmap\u00e4eviti, kell 15:15-16:00 <\/option>\n\t\t\t\t\t\t\t\t\t<option value=\"\"> Lasteaed Naksitrallid (J\u00e4rveotsa tee 33, Tallinn): kolmap\u00e4eviti, kell 16:15-17:00 <\/option>\n\t\t\t\t\t\t\t\t\t<option value=\"\"> Jaan Poska lasteaed (Mummu maja Tartu mnt 57): neljap\u00e4eviti, kell 14:45-15:30 <\/option>\n\t\t\t\t\t\t\t\t\t<option value=\"\"> Jaan Poska lasteaed (Mummu maja Tartu mnt 57): neljap\u00e4eviti, kell 15:45-16:30 <\/option>\n\t\t\t\t\t\t\t\t\t<option value=\"\"><\/option>\n\t\t\t\t\t\t\t<\/select>\n\t\t<\/div>\n\t\t\t\t\t\t<\/div>\n\t\t\t\t\t\t\t\t<div class=\"elementor-field-type-text elementor-field-group elementor-column elementor-field-group-field_28c1eb3 elementor-col-100\">\n\t\t\t\t\t\t\t\t\t\t\t\t<label for=\"form-field-field_28c1eb3\" class=\"elementor-field-label\">\n\t\t\t\t\t\t\t\tMillises r\u00fchmas v\u00f5i klassis laps k\u00e4ib?\t\t\t\t\t\t\t<\/label>\n\t\t\t\t\t\t\t\t\t\t\t\t\t\t<input size=\"1\" type=\"text\" name=\"form_fields[field_28c1eb3]\" id=\"form-field-field_28c1eb3\" class=\"elementor-field elementor-size-sm  elementor-field-textual\" placeholder=\"Millises r\u00fchmas v\u00f5i klassis laps k\u00e4ib?\">\n\t\t\t\t\t\t\t\t\t\t\t<\/div>\n\t\t\t\t\t\t\t\t<div class=\"elementor-field-type-text elementor-field-group elementor-column elementor-field-group-field_5e2b1a3 elementor-col-100\">\n\t\t\t\t\t\t\t\t\t\t\t\t<label for=\"form-field-field_5e2b1a3\" class=\"elementor-field-label\">\n\t\t\t\t\t\t\t\tLapsevanem\/kontaktisik:\t\t\t\t\t\t\t<\/label>\n\t\t\t\t\t\t\t\t\t\t\t\t\t\t<input size=\"1\" type=\"text\" name=\"form_fields[field_5e2b1a3]\" id=\"form-field-field_5e2b1a3\" class=\"elementor-field elementor-size-sm  elementor-field-textual\" placeholder=\"Lapsevanem\/kontaktisik:\">\n\t\t\t\t\t\t\t\t\t\t\t<\/div>\n\t\t\t\t\t\t\t\t<div class=\"elementor-field-type-email elementor-field-group elementor-column elementor-field-group-email elementor-col-100 elementor-field-required elementor-mark-required\">\n\t\t\t\t\t\t\t\t\t\t\t\t<label for=\"form-field-email\" class=\"elementor-field-label\">\n\t\t\t\t\t\t\t\tLapsevanema e-post:\t\t\t\t\t\t\t<\/label>\n\t\t\t\t\t\t\t\t\t\t\t\t\t\t<input size=\"1\" type=\"email\" name=\"form_fields[email]\" id=\"form-field-email\" class=\"elementor-field elementor-size-sm  elementor-field-textual\" placeholder=\"Lapsevanema e-post:\" required=\"required\">\n\t\t\t\t\t\t\t\t\t\t\t<\/div>\n\t\t\t\t\t\t\t\t<div class=\"elementor-field-type-number elementor-field-group elementor-column elementor-field-group-field_78b32e1 elementor-col-100\">\n\t\t\t\t\t\t\t\t\t\t\t\t<label for=\"form-field-field_78b32e1\" class=\"elementor-field-label\">\n\t\t\t\t\t\t\t\tLapsevanema telefon:\t\t\t\t\t\t\t<\/label>\n\t\t\t\t\t\t\t\t\t<input type=\"number\" name=\"form_fields[field_78b32e1]\" id=\"form-field-field_78b32e1\" class=\"elementor-field elementor-size-sm  elementor-field-textual\" placeholder=\"Lapsevanema telefon:\" min=\"\" max=\"\" >\n\t\t\t\t\t\t<\/div>\n\t\t\t\t\t\t\t\t<div class=\"elementor-field-type-checkbox elementor-field-group elementor-column elementor-field-group-field_1e75d07 elementor-col-100\">\n\t\t\t\t\t\t\t\t\t\t\t\t<label for=\"form-field-field_1e75d07\" class=\"elementor-field-label\">\n\t\t\t\t\t\t\t\tOlen tutvunud TeadusKunst kodukorraga ning n\u00f5ustun k\u00f5ikide huvikooli tingimustega.  https:\/\/www.teaduskunst\/kodukord\t\t\t\t\t\t\t<\/label>\n\t\t\t\t\t\t<div class=\"elementor-field-subgroup  \"><span class=\"elementor-field-option\"><input type=\"checkbox\" value=\"Jah\" id=\"form-field-field_1e75d07-0\" name=\"form_fields[field_1e75d07]\"> <label for=\"form-field-field_1e75d07-0\">Jah<\/label><\/span><\/div>\t\t\t\t<\/div>\n\t\t\t\t\t\t\t\t<div class=\"elementor-field-type-radio elementor-field-group elementor-column elementor-field-group-field_6a43661 elementor-col-100\">\n\t\t\t\t\t\t\t\t\t\t\t\t<label for=\"form-field-field_6a43661\" class=\"elementor-field-label\">\n\t\t\t\t\t\t\t\tAnnan TeadusKunst huvikoolile n\u00f5usoleku lapse pildistamiseks. \t\t\t\t\t\t\t<\/label>\n\t\t\t\t\t\t<div class=\"elementor-field-subgroup  elementor-subgroup-inline\"><span class=\"elementor-field-option\"><input type=\"radio\" value=\"\" id=\"form-field-field_6a43661-0\" name=\"form_fields[field_6a43661]\"> <label for=\"form-field-field_6a43661-0\">Jah<\/label><\/span><span class=\"elementor-field-option\"><input type=\"radio\" value=\"\" id=\"form-field-field_6a43661-1\" name=\"form_fields[field_6a43661]\"> <label for=\"form-field-field_6a43661-1\">Ei<\/label><\/span><\/div>\t\t\t\t<\/div>\n\t\t\t\t\t\t\t\t<div class=\"elementor-field-type-textarea elementor-field-group elementor-column elementor-field-group-field_5b1db81 elementor-col-100\">\n\t\t\t\t\t\t\t\t\t\t\t\t<label for=\"form-field-field_5b1db81\" class=\"elementor-field-label\">\n\t\t\t\t\t\t\t\tKui on t\u00e4iendavat lisainfot v\u00f5i k\u00fcsimusi: \t\t\t\t\t\t\t<\/label>\n\t\t\t\t\t\t<textarea class=\"elementor-field-textual elementor-field  elementor-size-sm\" name=\"form_fields[field_5b1db81]\" id=\"form-field-field_5b1db81\" rows=\"4\" placeholder=\"Kui on t\u00e4iendavat lisainfot v\u00f5i k\u00fcsimusi: \"><\/textarea>\t\t\t\t<\/div>\n\t\t\t\t\t\t\t\t<div class=\"elementor-field-type-html elementor-field-group elementor-column elementor-field-group-field_c374e46 elementor-col-20\">\n\t\t\t\t\t<style>\n  #clearFormBtn {\n    padding: 12px 50px;\n    background-color: #1D6640; \n    color: white;\n    border: none;\n    border-radius: 5px;\n    cursor: pointer;\n    transition: background-color 0.3s ease;\n  }\n\n  #clearFormBtn:hover {\n    background-color: #192A44;\n  }\n<\/style>\n\n<button id=\"clearFormBtn\" type=\"button\">\n  T\u00fchjenda vorm\n<\/button>\n\n<script>\n  document.addEventListener(\"DOMContentLoaded\", function () {\n    const clearBtn = document.getElementById(\"clearFormBtn\");\n    const form = document.querySelector('form[name=\"Liitumisankeet\"]');\n\n    if (clearBtn && form) {\n      clearBtn.addEventListener(\"click\", function () {\n        form.reset();\n        const inputs = form.querySelectorAll(\"input, select, textarea\");\n        inputs.forEach(input => {\n          if (input.type === \"checkbox\" || input.type === \"radio\") {\n            input.checked = false;\n          } else if (input.tagName === \"SELECT\") {\n            input.selectedIndex = 0;\n          } else {\n            input.value = \"\";\n          }\n        });\n      });\n    }\n  });\n<\/script>\n\t\t\t\t<\/div>\n\t\t\t\t\t\t\t\t<div class=\"elementor-field-group elementor-column elementor-field-type-submit elementor-col-20 e-form__buttons\">\n\t\t\t\t\t<button class=\"elementor-button elementor-size-sm\" type=\"submit\">\n\t\t\t\t\t\t<span class=\"elementor-button-content-wrapper\">\n\t\t\t\t\t\t\t\t\t\t\t\t\t\t\t\t\t\t\t\t\t\t<span class=\"elementor-button-text\">Esita<\/span>\n\t\t\t\t\t\t\t\t\t\t\t\t\t<\/span>\n\t\t\t\t\t<\/button>\n\t\t\t\t<\/div>\n\t\t\t<\/div>\n\t\t<\/form>\n\t\t\t\t\t\t<\/div>\n\t\t\t\t<\/div>\n\t\t\t\t\t<\/div>\n\t\t\t\t<\/div>\n\t\t\t\t<\/div>\n\t\t","protected":false},"excerpt":{"rendered":"<p>TeadusKunst huviringi liitumine 2025\/2026\u00f5ppeaastal Meie huvitunnid toimuvad j\u00e4rgmistes haridusasutustes: Jaan Poska lasteaed (Tallinna kesklinnas) Kalli-Kalli eralasteaed (Tallinna kesklinnas) Lasteaed Naksitrallid (\u00d5ism\u00e4el) ISE (International School of Estonia) Juhkentali 18, Tallinn (Thursdays 14:40-15:25) Emili School, Keevise 2 (Mondays 15:15-16:00) St. John&#8217;s School, Kivim\u00e4e 25 (Fridays 14:00-14:45) Tunnid toimuvad septembrist kuni mai l\u00f5puni. Huvitegevust ei toimu koolivaheaegadel ega&#8230;<\/p>","protected":false},"author":1,"featured_media":0,"parent":0,"menu_order":0,"comment_status":"closed","ping_status":"closed","template":"","meta":{"footnotes":""},"class_list":["post-988765","page","type-page","status-publish","hentry"],"_links":{"self":[{"href":"https:\/\/teaduskunst.ee\/english\/wp-json\/wp\/v2\/pages\/988765","targetHints":{"allow":["GET"]}}],"collection":[{"href":"https:\/\/teaduskunst.ee\/english\/wp-json\/wp\/v2\/pages"}],"about":[{"href":"https:\/\/teaduskunst.ee\/english\/wp-json\/wp\/v2\/types\/page"}],"author":[{"embeddable":true,"href":"https:\/\/teaduskunst.ee\/english\/wp-json\/wp\/v2\/users\/1"}],"replies":[{"embeddable":true,"href":"https:\/\/teaduskunst.ee\/english\/wp-json\/wp\/v2\/comments?post=988765"}],"version-history":[{"count":85,"href":"https:\/\/teaduskunst.ee\/english\/wp-json\/wp\/v2\/pages\/988765\/revisions"}],"predecessor-version":[{"id":990020,"href":"https:\/\/teaduskunst.ee\/english\/wp-json\/wp\/v2\/pages\/988765\/revisions\/990020"}],"wp:attachment":[{"href":"https:\/\/teaduskunst.ee\/english\/wp-json\/wp\/v2\/media?parent=988765"}],"curies":[{"name":"wp","href":"https:\/\/api.w.org\/{rel}","templated":true}]}}